{"id":50,"date":"2018-06-27T13:24:05","date_gmt":"2018-06-27T13:24:05","guid":{"rendered":"https:\/\/hisagence.com\/test-hisagence\/?page_id=50"},"modified":"2026-03-08T00:21:34","modified_gmt":"2026-03-08T00:21:34","slug":"service-plus","status":"publish","type":"page","link":"https:\/\/hisagence.com\/en\/service-plus\/","title":{"rendered":"Documents Contractuels"},"content":{"rendered":"\t\t<div data-elementor-type=\"wp-post\" data-elementor-id=\"50\" class=\"elementor elementor-50\" data-elementor-settings=\"{&quot;element_pack_global_tooltip_width&quot;:{&quot;unit&quot;:&quot;px&quot;,&quot;size&quot;:&quot;&quot;,&quot;sizes&quot;:[]},&quot;element_pack_global_tooltip_width_tablet&quot;:{&quot;unit&quot;:&quot;px&quot;,&quot;size&quot;:&quot;&quot;,&quot;sizes&quot;:[]},&quot;element_pack_global_tooltip_width_mobile&quot;:{&quot;unit&quot;:&quot;px&quot;,&quot;size&quot;:&quot;&quot;,&quot;sizes&quot;:[]},&quot;element_pack_global_tooltip_padding&quot;:{&quot;unit&quot;:&quot;px&quot;,&quot;top&quot;:&quot;&quot;,&quot;right&quot;:&quot;&quot;,&quot;bottom&quot;:&quot;&quot;,&quot;left&quot;:&quot;&quot;,&quot;isLinked&quot;:true},&quot;element_pack_global_tooltip_padding_tablet&quot;:{&quot;unit&quot;:&quot;px&quot;,&quot;top&quot;:&quot;&quot;,&quot;right&quot;:&quot;&quot;,&quot;bottom&quot;:&quot;&quot;,&quot;left&quot;:&quot;&quot;,&quot;isLinked&quot;:true},&quot;element_pack_global_tooltip_padding_mobile&quot;:{&quot;unit&quot;:&quot;px&quot;,&quot;top&quot;:&quot;&quot;,&quot;right&quot;:&quot;&quot;,&quot;bottom&quot;:&quot;&quot;,&quot;left&quot;:&quot;&quot;,&quot;isLinked&quot;:true},&quot;element_pack_global_tooltip_border_radius&quot;:{&quot;unit&quot;:&quot;px&quot;,&quot;top&quot;:&quot;&quot;,&quot;right&quot;:&quot;&quot;,&quot;bottom&quot;:&quot;&quot;,&quot;left&quot;:&quot;&quot;,&quot;isLinked&quot;:true},&quot;element_pack_global_tooltip_border_radius_tablet&quot;:{&quot;unit&quot;:&quot;px&quot;,&quot;top&quot;:&quot;&quot;,&quot;right&quot;:&quot;&quot;,&quot;bottom&quot;:&quot;&quot;,&quot;left&quot;:&quot;&quot;,&quot;isLinked&quot;:true},&quot;element_pack_global_tooltip_border_radius_mobile&quot;:{&quot;unit&quot;:&quot;px&quot;,&quot;top&quot;:&quot;&quot;,&quot;right&quot;:&quot;&quot;,&quot;bottom&quot;:&quot;&quot;,&quot;left&quot;:&quot;&quot;,&quot;isLinked&quot;:true}}\">\n\t\t\t\t\t\t<section class=\"elementor-section elementor-top-section elementor-element elementor-element-1ec26260 elementor-section-boxed elementor-section-height-default elementor-section-height-default\" data-id=\"1ec26260\" data-element_type=\"section\" data-e-type=\"section\">\n\t\t\t\t\t\t<div class=\"elementor-container elementor-column-gap-extended\">\n\t\t\t\t\t<div class=\"elementor-column elementor-col-100 elementor-top-column elementor-element elementor-element-5116d4fd sc_inner_width_none sc_layouts_column_icons_position_left\" data-id=\"5116d4fd\" data-element_type=\"column\" data-e-type=\"column\">\n\t\t\t<div class=\"elementor-widget-wrap elementor-element-populated\">\n\t\t\t\t\t\t<div class=\"elementor-element elementor-element-478d438e sc_fly_static elementor-widget elementor-widget-text-editor\" data-id=\"478d438e\" data-element_type=\"widget\" data-e-type=\"widget\" data-widget_type=\"text-editor.default\">\n\t\t\t\t<div class=\"elementor-widget-container\">\n\t\t\t\t\t\t\t\t\t<h3>Documents Contractuels et Informations Locatives<\/h3><p data-path-to-node=\"4\">Bienvenue sur notre espace d\u00e9di\u00e9 \u00e0 la transparence et \u00e0 la conformit\u00e9. Vous trouverez ici l\u2019ensemble des documents encadrant nos relations commerciales, l\u2019utilisation de nos services et la protection de vos donn\u00e9es.<\/p><p data-path-to-node=\"4\">Bienvenue dans votre espace documentaire. Pour faciliter vos d\u00e9marches et garantir une relation transparente, vous trouverez ci-dessous les documents de r\u00e9f\u00e9rence relatifs \u00e0 l&#8217;occupation de nos espaces.<\/p><p data-path-to-node=\"5\">Ces documents d\u00e9finissent le cadre juridique et les r\u00e8gles de vie commune pour assurer le confort et la s\u00e9curit\u00e9 de tous.<\/p><h3 data-path-to-node=\"6\">\ud83d\udcc4 Documents \u00e0 consulter et t\u00e9l\u00e9charger<\/h3><p data-path-to-node=\"7\">Cliquez sur les liens ci-dessous pour ouvrir les fichiers au format PDF :<\/p><ul data-path-to-node=\"8\"><li><p data-path-to-node=\"8,0,0\"><b data-path-to-node=\"8,0,0\" data-index-in-node=\"0\">\u00a0<a href=\"https:\/\/hisagence.com\/wp-content\/uploads\/2026\/03\/CONTRAT-BAIL-RDC.pdf\">Le Contrat de Bail<\/a><\/b> <i data-path-to-node=\"8,0,0\" data-index-in-node=\"38\">Ce document d\u00e9taille l&#8217;ensemble des conditions de location, les engagements mutuels, ainsi que les modalit\u00e9s financi\u00e8res et juridiques de l&#8217;occupation.<\/i><\/p><\/li><li><p data-path-to-node=\"8,1,0\"><b data-path-to-node=\"8,1,0\" data-index-in-node=\"0\">\u00a0<a href=\"https:\/\/hisagence.com\/wp-content\/uploads\/2026\/03\/Reglement-Interieur-DRAFT-VIERGE.pdf\">Le R\u00e8glement Int\u00e9rieur<\/a><\/b> <i data-path-to-node=\"8,1,0\" data-index-in-node=\"42\">Ce guide pratique d\u00e9finit les r\u00e8gles de vie, de s\u00e9curit\u00e9 et d&#8217;usage des parties communes. Sa consultation est essentielle pour le bien-\u00eatre de l&#8217;ensemble de la communaut\u00e9.<\/i><\/p><\/li><\/ul><hr data-path-to-node=\"9\" \/><h3 data-path-to-node=\"10\">\ud83d\udca1 Informations importantes<\/h3><ul data-path-to-node=\"11\"><li><p data-path-to-node=\"11,0,0\"><b data-path-to-node=\"11,0,0\" data-index-in-node=\"0\">Signature :<\/b> La signature de ces documents est obligatoire avant toute entr\u00e9e dans les lieux.<\/p><\/li><li><p data-path-to-node=\"11,1,0\"><b data-path-to-node=\"11,1,0\" data-index-in-node=\"0\">Mise \u00e0 jour :<\/b> Ces versions sont \u00e0 jour pour l&#8217;ann\u00e9e 2026. Toute modification ult\u00e9rieure vous sera notifi\u00e9e par \u00e9crit.<\/p><\/li><li><p data-path-to-node=\"11,2,0\"><b data-path-to-node=\"11,2,0\" data-index-in-node=\"0\">Acc\u00e8s :<\/b> Nous vous conseillons de conserver une copie num\u00e9rique ou imprim\u00e9e de ces fichiers pour votre usage personnel.<\/p><\/li><\/ul><h3 data-path-to-node=\"12\">\u2709\ufe0f Besoin de pr\u00e9cisions ?<\/h3><p data-path-to-node=\"13\">Si vous avez des questions sur une clause sp\u00e9cifique du bail ou sur un point du r\u00e8glement int\u00e9rieur, notre \u00e9quipe est \u00e0 votre disposition pour vous \u00e9clairer.<\/p>\t\t\t\t\t\t\t\t<\/div>\n\t\t\t\t<\/div>\n\t\t\t\t<div class=\"elementor-element elementor-element-d8de24b sc_height_medium sc_fly_static elementor-widget elementor-widget-spacer\" data-id=\"d8de24b\" data-element_type=\"widget\" data-e-type=\"widget\" data-widget_type=\"spacer.default\">\n\t\t\t\t<div class=\"elementor-widget-container\">\n\t\t\t\t\t\t\t<div class=\"elementor-spacer\">\n\t\t\t<div class=\"elementor-spacer-inner\"><\/div>\n\t\t<\/div>\n\t\t\t\t\t\t<\/div>\n\t\t\t\t<\/div>\n\t\t\t\t<div class=\"elementor-element elementor-element-2453a168 elementor-widget-divider--view-line sc_fly_static elementor-widget elementor-widget-divider\" data-id=\"2453a168\" data-element_type=\"widget\" data-e-type=\"widget\" data-widget_type=\"divider.default\">\n\t\t\t\t<div class=\"elementor-widget-container\">\n\t\t\t\t\t\t\t<div class=\"elementor-divider\">\n\t\t\t<span class=\"elementor-divider-separator\">\n\t\t\t\t\t\t<\/span>\n\t\t<\/div>\n\t\t\t\t\t\t<\/div>\n\t\t\t\t<\/div>\n\t\t\t\t<div class=\"elementor-element elementor-element-feff5f6 sc_height_medium sc_fly_static elementor-widget elementor-widget-spacer\" data-id=\"feff5f6\" data-element_type=\"widget\" data-e-type=\"widget\" data-widget_type=\"spacer.default\">\n\t\t\t\t<div class=\"elementor-widget-container\">\n\t\t\t\t\t\t\t<div class=\"elementor-spacer\">\n\t\t\t<div class=\"elementor-spacer-inner\"><\/div>\n\t\t<\/div>\n\t\t\t\t\t\t<\/div>\n\t\t\t\t<\/div>\n\t\t\t\t\t<\/div>\n\t\t<\/div>\n\t\t\t\t\t<\/div>\n\t\t<\/section>\n\t\t\t\t<section class=\"elementor-section elementor-top-section elementor-element elementor-element-171de677 elementor-section-boxed elementor-section-height-default elementor-section-height-default\" data-id=\"171de677\" data-element_type=\"section\" data-e-type=\"section\">\n\t\t\t\t\t\t<div class=\"elementor-container elementor-column-gap-extended\">\n\t\t\t\t\t<div class=\"elementor-column elementor-col-100 elementor-top-column elementor-element elementor-element-3b97579 sc_inner_width_none sc_layouts_column_icons_position_left\" data-id=\"3b97579\" data-element_type=\"column\" data-e-type=\"column\">\n\t\t\t<div class=\"elementor-widget-wrap elementor-element-populated\">\n\t\t\t\t\t\t<div class=\"elementor-element elementor-element-eb977d8 sc_height_medium sc_fly_static elementor-widget elementor-widget-spacer\" data-id=\"eb977d8\" data-element_type=\"widget\" data-e-type=\"widget\" data-widget_type=\"spacer.default\">\n\t\t\t\t<div class=\"elementor-widget-container\">\n\t\t\t\t\t\t\t<div class=\"elementor-spacer\">\n\t\t\t<div class=\"elementor-spacer-inner\"><\/div>\n\t\t<\/div>\n\t\t\t\t\t\t<\/div>\n\t\t\t\t<\/div>\n\t\t\t\t\t<\/div>\n\t\t<\/div>\n\t\t\t\t\t<\/div>\n\t\t<\/section>\n\t\t\t\t<\/div>\n\t\t","protected":false},"excerpt":{"rendered":"<p>&hellip;<\/p>\n","protected":false},"author":1,"featured_media":0,"parent":0,"menu_order":0,"comment_status":"closed","ping_status":"closed","template":"","meta":{"_monsterinsights_skip_tracking":false,"_monsterinsights_sitenote_active":false,"_monsterinsights_sitenote_note":"","_monsterinsights_sitenote_category":0,"footnotes":""},"class_list":["post-50","page","type-page","status-publish","hentry"],"aioseo_notices":[],"acf":[],"_links":{"self":[{"href":"https:\/\/hisagence.com\/en\/wp-json\/wp\/v2\/pages\/50","targetHints":{"allow":["GET"]}}],"collection":[{"href":"https:\/\/hisagence.com\/en\/wp-json\/wp\/v2\/pages"}],"about":[{"href":"https:\/\/hisagence.com\/en\/wp-json\/wp\/v2\/types\/page"}],"author":[{"embeddable":true,"href":"https:\/\/hisagence.com\/en\/wp-json\/wp\/v2\/users\/1"}],"replies":[{"embeddable":true,"href":"https:\/\/hisagence.com\/en\/wp-json\/wp\/v2\/comments?post=50"}],"version-history":[{"count":4,"href":"https:\/\/hisagence.com\/en\/wp-json\/wp\/v2\/pages\/50\/revisions"}],"predecessor-version":[{"id":3081,"href":"https:\/\/hisagence.com\/en\/wp-json\/wp\/v2\/pages\/50\/revisions\/3081"}],"wp:attachment":[{"href":"https:\/\/hisagence.com\/en\/wp-json\/wp\/v2\/media?parent=50"}],"curies":[{"name":"wp","href":"https:\/\/api.w.org\/{rel}","templated":true}]}}